{"id":9589,"date":"2025-11-13T13:45:46","date_gmt":"2025-11-13T12:45:46","guid":{"rendered":"https:\/\/hello-rain.com\/?post_type=product&#038;p=9589"},"modified":"2025-11-13T13:56:24","modified_gmt":"2025-11-13T12:56:24","slug":"premium-regenhose-black-kopie","status":"publish","type":"product","link":"https:\/\/hello-rain.com\/de\/product\/premium-regenhose-black-kopie\/","title":{"rendered":"Premium Regenhose &#8211; Pink"},"content":{"rendered":"<p>Regenhosen sollen unsere Kleidung beim Radfahren trocken halten. Und das tun sie in der Regel auch! Zumindest, bis man sie auszieht! Wie oft kamen Sie schon trocken zur Arbeit, nur um am Ende trotzdem mit nasser Hose dazustehen, weil Sie die Regenhose \u00fcber Ihre Kleidung ausziehen mussten? Von diesem Problem hatten die Gr\u00fcnder von Hello Rain genug. Sie wollten dieses Kleidungsst\u00fcck optimieren, und so profitieren Sie heute von einer praktischen Regenhose mit seitlichen Rei\u00dfverschl\u00fcssen. \u00a0Sie k\u00f6nnen die Schuhe anbehalten und sind vor l\u00e4stigen Regentropfen sicher. \u00a0Sogar Ihre Hosentaschen sind gut gesch\u00fctzt \u2013 bleiben aber zug\u00e4nglich!<\/p>\n<p>Ihre Hello Rain-Regenhose wird in einer super-praktischen Aufbewahrungstasche geliefert.<\/p>\n<ul>\n<li>Teilweise recyceltes Polyester <img decoding=\"async\" src=\"https:\/\/hello-rain.com\/wp-content\/uploads\/2025\/03\/267b.png\" \/><\/li>\n<li>Wasserdicht<\/li>\n<li>Winddicht<\/li>\n<li>Leichtgewichtig<\/li>\n<li>2-Wege wasserdichter Rei\u00dfverschluss entlang der gesamten L\u00e4nge<\/li>\n<li>Magnetklappe<\/li>\n<li>Elastischer Bund<\/li>\n<li>Reflektierende Details an beiden Hosenbeinen f\u00fcr die Sicherheit<\/li>\n<li>\u00d6ffnungen mit wasserdichten Rei\u00dfverschl\u00fcssen an beiden Seiten f\u00fcr den Zugang zu den Taschen<\/li>\n<li>Klettverschluss am unteren Ende der Hosenbeine<\/li>\n<li>Versiegelte N\u00e4hte<\/li>\n<li>Wassers\u00e4ule: 15.000 mm (3-lagig)<\/li>\n<li>Atmungsaktivit\u00e4t: 8.000 gsm (3-lagig)<\/li>\n<li>PFAS FREI C0-Zertifikat<\/li>\n<\/ul>\n","protected":false},"excerpt":{"rendered":"<p>3 Lagen wind- und wasserdichtes, atmungsaktives Material \u2013 Elegantes, kleidsames Design \u2013 Die Regenhose f\u00fcr lange Fahrradtouren und h\u00e4ufigen Gebrauch.<\/p>\n<p><a href=\"#link-maattabel\">Gr\u00f6\u00dfentabelle<\/a><\/p>\n","protected":false},"featured_media":9112,"comment_status":"open","ping_status":"closed","template":"","meta":{"site-sidebar-layout":"default","site-content-layout":"","ast-site-content-layout":"default","site-content-style":"default","site-sidebar-style":"default","ast-global-header-display":"","ast-banner-title-visibility":"","ast-main-header-display":"","ast-hfb-above-header-display":"","ast-hfb-below-header-display":"","ast-hfb-mobile-header-display":"","site-post-title":"","ast-breadcrumbs-content":"","ast-featured-img":"","footer-sml-layout":"","ast-disable-related-posts":"","theme-transparent-header-meta":"default","adv-header-id-meta":"","stick-header-meta":"default","header-above-stick-meta":"","header-main-stick-meta":"","header-below-stick-meta":"","astra-migrate-meta-layouts":"set","ast-page-background-enabled":"default","ast-page-background-meta":{"desktop":{"background-color":"var(--ast-global-color-4)","background-image":"","background-repeat":"repeat","background-position":"center center","background-size":"auto","background-attachment":"scroll","background-type":"","background-media":"","overlay-type":"","overlay-color":"","overlay-opacity":"","overlay-gradient":""},"tablet":{"background-color":"","background-image":"","background-repeat":"repeat","background-position":"center center","background-size":"auto","background-attachment":"scroll","background-type":"","background-media":"","overlay-type":"","overlay-color":"","overlay-opacity":"","overlay-gradient":""},"mobile":{"background-color":"","background-image":"","background-repeat":"repeat","background-position":"center center","background-size":"auto","background-attachment":"scroll","background-type":"","background-media":"","overlay-type":"","overlay-color":"","overlay-opacity":"","overlay-gradient":""}},"ast-content-background-meta":{"desktop":{"background-color":"var(--ast-global-color-5)","background-image":"","background-repeat":"repeat","background-position":"center center","background-size":"auto","background-attachment":"scroll","background-type":"","background-media":"","overlay-type":"","overlay-color":"","overlay-opacity":"","overlay-gradient":""},"tablet":{"background-color":"var(--ast-global-color-5)","background-image":"","background-repeat":"repeat","background-position":"center center","background-size":"auto","background-attachment":"scroll","background-type":"","background-media":"","overlay-type":"","overlay-color":"","overlay-opacity":"","overlay-gradient":""},"mobile":{"background-color":"var(--ast-global-color-5)","background-image":"","background-repeat":"repeat","background-position":"center center","background-size":"auto","background-attachment":"scroll","background-type":"","background-media":"","overlay-type":"","overlay-color":"","overlay-opacity":"","overlay-gradient":""}},"_joinchat":[]},"product_brand":[],"product_cat":[155],"product_tag":[],"class_list":{"0":"post-9589","1":"product","2":"type-product","3":"status-publish","4":"has-post-thumbnail","6":"product_cat-premium-de","7":"pa_maat-2xl-de","8":"pa_maat-3xl-de","9":"pa_maat-4xl-de","10":"pa_maat-l-de","11":"pa_maat-m-de","12":"pa_maat-s-de","13":"pa_maat-xl-de","14":"pa_maat-xs-de","15":"desktop-align-left","16":"tablet-align-left","17":"mobile-align-left","18":"ast-product-gallery-layout-horizontal","19":"ast-product-single-variable","20":"ast-product-tabs-layout-horizontal","22":"first","23":"instock","24":"shipping-taxable","25":"purchasable","26":"product-type-variable","27":"has-default-attributes","28":"rtwpvg-product"},"yoast_head":"<!-- This site is optimized with the Yoast SEO plugin v27.3 - https:\/\/yoast.com\/product\/yoast-seo-wordpress\/ -->\n<title>Hello Rain | Premium Regenhose - Pink<\/title>\n<meta name=\"robots\" content=\"index, follow, max-snippet:-1, max-image-preview:large, max-video-preview:-1\" \/>\n<link rel=\"canonical\" href=\"https:\/\/hello-rain.com\/de\/product\/premium-regenhose-black-kopie\/\" \/>\n<meta property=\"og:locale\" content=\"de_DE\" \/>\n<meta property=\"og:type\" content=\"article\" \/>\n<meta property=\"og:title\" content=\"Hello Rain | Premium Regenhose - Pink\" \/>\n<meta property=\"og:description\" content=\"3 Lagen wind- und wasserdichtes, atmungsaktives Material \u2013 Elegantes, kleidsames Design \u2013 Die Regenhose f\u00fcr lange Fahrradtouren und h\u00e4ufigen Gebrauch.  Gr\u00f6\u00dfentabelle\" \/>\n<meta property=\"og:url\" content=\"https:\/\/hello-rain.com\/de\/product\/premium-regenhose-black-kopie\/\" \/>\n<meta property=\"og:site_name\" content=\"Hello Rain\" \/>\n<meta property=\"article:modified_time\" content=\"2025-11-13T12:56:24+00:00\" \/>\n<meta property=\"og:image\" content=\"https:\/\/hello-rain.com\/wp-content\/uploads\/2025\/11\/pink-front-open.jpg\" \/>\n\t<meta property=\"og:image:width\" content=\"800\" \/>\n\t<meta property=\"og:image:height\" content=\"1200\" \/>\n\t<meta property=\"og:image:type\" content=\"image\/jpeg\" \/>\n<meta name=\"twitter:card\" content=\"summary_large_image\" \/>\n<meta name=\"twitter:label1\" content=\"Gesch\u00e4tzte Lesezeit\" \/>\n\t<meta name=\"twitter:data1\" content=\"1\u00a0Minute\" \/>\n<script type=\"application\/ld+json\" class=\"yoast-schema-graph\">{\"@context\":\"https:\\\/\\\/schema.org\",\"@graph\":[{\"@type\":\"WebPage\",\"@id\":\"https:\\\/\\\/hello-rain.com\\\/de\\\/product\\\/premium-regenhose-black-kopie\\\/\",\"url\":\"https:\\\/\\\/hello-rain.com\\\/de\\\/product\\\/premium-regenhose-black-kopie\\\/\",\"name\":\"Hello Rain | Premium Regenhose - Pink\",\"isPartOf\":{\"@id\":\"https:\\\/\\\/hello-rain.com\\\/de\\\/#website\"},\"primaryImageOfPage\":{\"@id\":\"https:\\\/\\\/hello-rain.com\\\/de\\\/product\\\/premium-regenhose-black-kopie\\\/#primaryimage\"},\"image\":{\"@id\":\"https:\\\/\\\/hello-rain.com\\\/de\\\/product\\\/premium-regenhose-black-kopie\\\/#primaryimage\"},\"thumbnailUrl\":\"https:\\\/\\\/hello-rain.com\\\/wp-content\\\/uploads\\\/2025\\\/11\\\/pink-front-open.jpg\",\"datePublished\":\"2025-11-13T12:45:46+00:00\",\"dateModified\":\"2025-11-13T12:56:24+00:00\",\"breadcrumb\":{\"@id\":\"https:\\\/\\\/hello-rain.com\\\/de\\\/product\\\/premium-regenhose-black-kopie\\\/#breadcrumb\"},\"inLanguage\":\"de\",\"potentialAction\":[{\"@type\":\"ReadAction\",\"target\":[\"https:\\\/\\\/hello-rain.com\\\/de\\\/product\\\/premium-regenhose-black-kopie\\\/\"]}]},{\"@type\":\"ImageObject\",\"inLanguage\":\"de\",\"@id\":\"https:\\\/\\\/hello-rain.com\\\/de\\\/product\\\/premium-regenhose-black-kopie\\\/#primaryimage\",\"url\":\"https:\\\/\\\/hello-rain.com\\\/wp-content\\\/uploads\\\/2025\\\/11\\\/pink-front-open.jpg\",\"contentUrl\":\"https:\\\/\\\/hello-rain.com\\\/wp-content\\\/uploads\\\/2025\\\/11\\\/pink-front-open.jpg\",\"width\":800,\"height\":1200},{\"@type\":\"BreadcrumbList\",\"@id\":\"https:\\\/\\\/hello-rain.com\\\/de\\\/product\\\/premium-regenhose-black-kopie\\\/#breadcrumb\",\"itemListElement\":[{\"@type\":\"ListItem\",\"position\":1,\"name\":\"Home\",\"item\":\"https:\\\/\\\/hello-rain.com\\\/de\\\/\"},{\"@type\":\"ListItem\",\"position\":2,\"name\":\"Shop\",\"item\":\"https:\\\/\\\/hello-rain.com\\\/de\\\/shop\\\/\"},{\"@type\":\"ListItem\",\"position\":3,\"name\":\"Premium Regenhose &#8211; Pink\"}]},{\"@type\":\"WebSite\",\"@id\":\"https:\\\/\\\/hello-rain.com\\\/de\\\/#website\",\"url\":\"https:\\\/\\\/hello-rain.com\\\/de\\\/\",\"name\":\"Hello Rain\",\"description\":\"Innovatieve regenkledij\",\"publisher\":{\"@id\":\"https:\\\/\\\/hello-rain.com\\\/de\\\/#organization\"},\"potentialAction\":[{\"@type\":\"SearchAction\",\"target\":{\"@type\":\"EntryPoint\",\"urlTemplate\":\"https:\\\/\\\/hello-rain.com\\\/de\\\/?s={search_term_string}\"},\"query-input\":{\"@type\":\"PropertyValueSpecification\",\"valueRequired\":true,\"valueName\":\"search_term_string\"}}],\"inLanguage\":\"de\"},{\"@type\":\"Organization\",\"@id\":\"https:\\\/\\\/hello-rain.com\\\/de\\\/#organization\",\"name\":\"Hello Rain\",\"url\":\"https:\\\/\\\/hello-rain.com\\\/de\\\/\",\"logo\":{\"@type\":\"ImageObject\",\"inLanguage\":\"de\",\"@id\":\"https:\\\/\\\/hello-rain.com\\\/de\\\/#\\\/schema\\\/logo\\\/image\\\/\",\"url\":\"https:\\\/\\\/hello-rain.com\\\/wp-content\\\/uploads\\\/2024\\\/08\\\/Hello-Rain-Logo-Negative-RGB-Transparent.png\",\"contentUrl\":\"https:\\\/\\\/hello-rain.com\\\/wp-content\\\/uploads\\\/2024\\\/08\\\/Hello-Rain-Logo-Negative-RGB-Transparent.png\",\"width\":1304,\"height\":724,\"caption\":\"Hello Rain\"},\"image\":{\"@id\":\"https:\\\/\\\/hello-rain.com\\\/de\\\/#\\\/schema\\\/logo\\\/image\\\/\"}}]}<\/script>\n<!-- \/ Yoast SEO plugin. -->","yoast_head_json":{"title":"Hello Rain | Premium Regenhose - Pink","robots":{"index":"index","follow":"follow","max-snippet":"max-snippet:-1","max-image-preview":"max-image-preview:large","max-video-preview":"max-video-preview:-1"},"canonical":"https:\/\/hello-rain.com\/de\/product\/premium-regenhose-black-kopie\/","og_locale":"de_DE","og_type":"article","og_title":"Hello Rain | Premium Regenhose - Pink","og_description":"3 Lagen wind- und wasserdichtes, atmungsaktives Material \u2013 Elegantes, kleidsames Design \u2013 Die Regenhose f\u00fcr lange Fahrradtouren und h\u00e4ufigen Gebrauch.  Gr\u00f6\u00dfentabelle","og_url":"https:\/\/hello-rain.com\/de\/product\/premium-regenhose-black-kopie\/","og_site_name":"Hello Rain","article_modified_time":"2025-11-13T12:56:24+00:00","og_image":[{"width":800,"height":1200,"url":"https:\/\/hello-rain.com\/wp-content\/uploads\/2025\/11\/pink-front-open.jpg","type":"image\/jpeg"}],"twitter_card":"summary_large_image","twitter_misc":{"Gesch\u00e4tzte Lesezeit":"1\u00a0Minute"},"schema":{"@context":"https:\/\/schema.org","@graph":[{"@type":"WebPage","@id":"https:\/\/hello-rain.com\/de\/product\/premium-regenhose-black-kopie\/","url":"https:\/\/hello-rain.com\/de\/product\/premium-regenhose-black-kopie\/","name":"Hello Rain | Premium Regenhose - Pink","isPartOf":{"@id":"https:\/\/hello-rain.com\/de\/#website"},"primaryImageOfPage":{"@id":"https:\/\/hello-rain.com\/de\/product\/premium-regenhose-black-kopie\/#primaryimage"},"image":{"@id":"https:\/\/hello-rain.com\/de\/product\/premium-regenhose-black-kopie\/#primaryimage"},"thumbnailUrl":"https:\/\/hello-rain.com\/wp-content\/uploads\/2025\/11\/pink-front-open.jpg","datePublished":"2025-11-13T12:45:46+00:00","dateModified":"2025-11-13T12:56:24+00:00","breadcrumb":{"@id":"https:\/\/hello-rain.com\/de\/product\/premium-regenhose-black-kopie\/#breadcrumb"},"inLanguage":"de","potentialAction":[{"@type":"ReadAction","target":["https:\/\/hello-rain.com\/de\/product\/premium-regenhose-black-kopie\/"]}]},{"@type":"ImageObject","inLanguage":"de","@id":"https:\/\/hello-rain.com\/de\/product\/premium-regenhose-black-kopie\/#primaryimage","url":"https:\/\/hello-rain.com\/wp-content\/uploads\/2025\/11\/pink-front-open.jpg","contentUrl":"https:\/\/hello-rain.com\/wp-content\/uploads\/2025\/11\/pink-front-open.jpg","width":800,"height":1200},{"@type":"BreadcrumbList","@id":"https:\/\/hello-rain.com\/de\/product\/premium-regenhose-black-kopie\/#breadcrumb","itemListElement":[{"@type":"ListItem","position":1,"name":"Home","item":"https:\/\/hello-rain.com\/de\/"},{"@type":"ListItem","position":2,"name":"Shop","item":"https:\/\/hello-rain.com\/de\/shop\/"},{"@type":"ListItem","position":3,"name":"Premium Regenhose &#8211; Pink"}]},{"@type":"WebSite","@id":"https:\/\/hello-rain.com\/de\/#website","url":"https:\/\/hello-rain.com\/de\/","name":"Hello Rain","description":"Innovatieve regenkledij","publisher":{"@id":"https:\/\/hello-rain.com\/de\/#organization"},"potentialAction":[{"@type":"SearchAction","target":{"@type":"EntryPoint","urlTemplate":"https:\/\/hello-rain.com\/de\/?s={search_term_string}"},"query-input":{"@type":"PropertyValueSpecification","valueRequired":true,"valueName":"search_term_string"}}],"inLanguage":"de"},{"@type":"Organization","@id":"https:\/\/hello-rain.com\/de\/#organization","name":"Hello Rain","url":"https:\/\/hello-rain.com\/de\/","logo":{"@type":"ImageObject","inLanguage":"de","@id":"https:\/\/hello-rain.com\/de\/#\/schema\/logo\/image\/","url":"https:\/\/hello-rain.com\/wp-content\/uploads\/2024\/08\/Hello-Rain-Logo-Negative-RGB-Transparent.png","contentUrl":"https:\/\/hello-rain.com\/wp-content\/uploads\/2024\/08\/Hello-Rain-Logo-Negative-RGB-Transparent.png","width":1304,"height":724,"caption":"Hello Rain"},"image":{"@id":"https:\/\/hello-rain.com\/de\/#\/schema\/logo\/image\/"}}]}},"jetpack_sharing_enabled":true,"_links":{"self":[{"href":"https:\/\/hello-rain.com\/de\/wp-json\/wp\/v2\/product\/9589","targetHints":{"allow":["GET"]}}],"collection":[{"href":"https:\/\/hello-rain.com\/de\/wp-json\/wp\/v2\/product"}],"about":[{"href":"https:\/\/hello-rain.com\/de\/wp-json\/wp\/v2\/types\/product"}],"replies":[{"embeddable":true,"href":"https:\/\/hello-rain.com\/de\/wp-json\/wp\/v2\/comments?post=9589"}],"wp:featuredmedia":[{"embeddable":true,"href":"https:\/\/hello-rain.com\/de\/wp-json\/wp\/v2\/media\/9112"}],"wp:attachment":[{"href":"https:\/\/hello-rain.com\/de\/wp-json\/wp\/v2\/media?parent=9589"}],"wp:term":[{"taxonomy":"product_brand","embeddable":true,"href":"https:\/\/hello-rain.com\/de\/wp-json\/wp\/v2\/product_brand?post=9589"},{"taxonomy":"product_cat","embeddable":true,"href":"https:\/\/hello-rain.com\/de\/wp-json\/wp\/v2\/product_cat?post=9589"},{"taxonomy":"product_tag","embeddable":true,"href":"https:\/\/hello-rain.com\/de\/wp-json\/wp\/v2\/product_tag?post=9589"}],"curies":[{"name":"wp","href":"https:\/\/api.w.org\/{rel}","templated":true}]}}